{"id":349,"date":"2023-11-05T13:33:35","date_gmt":"2023-11-05T13:33:35","guid":{"rendered":"https:\/\/digitaljournalism.uconn.edu\/maina-durafour-portfolio\/?page_id=349"},"modified":"2024-11-06T22:51:38","modified_gmt":"2024-11-06T21:51:38","slug":"planet-forward","status":"publish","type":"page","link":"https:\/\/mainadurafour.com\/fr\/planet-forward\/","title":{"rendered":"Articles Publi\u00e9s"},"content":{"rendered":"<p class=\" translation-block\">R\u00e9cemment dipl\u00f4m\u00e9e, je suis \u00e0 la recherche active d'un travail. En attendant de trouver mon premier travail, je travaille en freelance pour le New Britain Herald, dans leur section culturelle. Vous pouvez trouver mes articles pr\u00e9f\u00e9r\u00e9s sur ma page de Bievenue ou sur le <a href=\"https:\/\/www.newbritainherald.com\/search\/?l=25&amp;sort=relevance&amp;f=html&amp;t=articlevideoyoutubecollection&amp;app=editorial&amp;nsa=eedition&amp;q=maina\" target=\"_blank\" rel=\"noreferrer noopener\">site web<\/a> du journal.<\/p>\n\n\n\n<p>Here is some of the work I have produced during my time at the University of Connecticut and that has been published in various news outlets. <\/p>\n\n\n\n<p>In my last semester as a journalism student, my newswriting teacher, professor Julie Serkosky entrusted me and a few other students to work on a collaborative project about the minimum wage increase in Connecticut and its impact. The article has been republished on Connecticut Public Radio but you can also read it <a href=\"https:\/\/mainadurafour.com\/index.php\/2024\/06\/11\/cts-minimum-wage-increase-poses-challenges-for-small-business-owners\/\">here<\/a>.<\/p>\n\n\n\n<h5 class=\"wp-block-heading\">CT\u2019s minimum wage increase poses challenges for small business owners &#8211; CT News community<\/h5>\n\n\n\n<figure class=\"wp-block-image size-large\"><a href=\"https:\/\/www.ctpublic.org\/2024-06-10\/ct-minimum-wage-small-business-reaction-challenges-finances\" target=\"_blank\" rel=\"noreferrer noopener\"><img decoding=\"async\" src=\"https:\/\/mainadurafour.com\/wp-content\/uploads\/2024\/06\/IMG_4009-1024x768.jpg\" alt=\"\" class=\"wp-image-684\"\/><\/a><\/figure>\n\n\n\n<p><\/p>\n\n\n\n<p>For my newswriting class, I had to write articles that I thought would be meaningful, but also respected some conditions imposed by my teacher. After reviewing my work, my teacher suggested to get it published. I then offered my work to &#8216;The Chronicle&#8217; and was published the following days.<\/p>\n\n\n\n<h5 class=\"wp-block-heading\">Playground Passport to outdoors &#8211; The chronicle<\/h5>\n\n\n\n<figure class=\"wp-block-image size-large\"><a href=\"https:\/\/www.thechronicle.com\/news\/playground-passport-to-outdoors\/article_b79bee14-e7c2-11ee-b8cc-d7c79905e909.html\" target=\"_blank\" rel=\"noreferrer noopener\"><img decoding=\"async\" src=\"https:\/\/mainadurafour.com\/wp-content\/uploads\/2024\/06\/65fc9b9a951a5-1024x628.webp\" alt=\"\" class=\"wp-image-688\"\/><\/a><\/figure>\n\n\n\n<p><\/p>\n\n\n\n<h5 class=\"wp-block-heading\">Art as the heart of community &#8211; the chronicle<\/h5>\n\n\n\n<figure class=\"wp-block-image size-full\"><a href=\"https:\/\/www.thechronicle.com\/news\/art-as-the-heart-of-community\/article_24c6dae2-da6e-11ee-bc6b-5396456c9b96.html\" target=\"_blank\" rel=\"noreferrer noopener\"><img decoding=\"async\" src=\"https:\/\/mainadurafour.com\/wp-content\/uploads\/2024\/06\/65e63dcd8424e.image_.jpg\" alt=\"\" class=\"wp-image-689\"\/><\/a><\/figure>\n\n\n\n<p><\/p>\n\n\n\n<p>I chose to study environmental journalism during one of my semester and really enjoyed the course. Our professor encouraged us to get our work published with Planet Forward, an online publication for students work. This is about a UConn professor whose work focuses on stormwater infrastructure that eco-friendly, sustainable, and effective.<\/p>\n\n\n\n<h5 class=\"wp-block-heading\">Connecticut professor pushes for green stormwater infrastructure &#8211; Planet Forward<\/h5>\n\n\n\n<p>You can also read the full story <a href=\"https:\/\/mainadurafour.com\/index.php\/2024\/06\/11\/connecticut-professor-pushes-for-green-stormwater-infrastructure\/\">here<\/a>.<\/p>\n\n\n\n<figure class=\"wp-block-image size-large\"><a href=\"https:\/\/planetforward.org\/story\/green-stormwater-infratructure\/\" target=\"_blank\" rel=\"noreferrer noopener\"><img loading=\"lazy\" decoding=\"async\" width=\"1024\" height=\"768\" src=\"http:\/\/mainadurafour.com\/wp-content\/uploads\/2023\/11\/IMG_2172-scaled-1-1024x768.jpg\" alt=\"\" class=\"wp-image-400\" srcset=\"https:\/\/mainadurafour.com\/wp-content\/uploads\/2023\/11\/IMG_2172-scaled-1-1024x768.jpg 1024w, https:\/\/mainadurafour.com\/wp-content\/uploads\/2023\/11\/IMG_2172-scaled-1-300x225.jpg 300w, https:\/\/mainadurafour.com\/wp-content\/uploads\/2023\/11\/IMG_2172-scaled-1-768x576.jpg 768w, https:\/\/mainadurafour.com\/wp-content\/uploads\/2023\/11\/IMG_2172-scaled-1-1536x1152.jpg 1536w, https:\/\/mainadurafour.com\/wp-content\/uploads\/2023\/11\/IMG_2172-scaled-1-2048x1536.jpg 2048w\" sizes=\"auto, (max-width: 1024px) 100vw, 1024px\" \/><\/a><\/figure>","protected":false},"excerpt":{"rendered":"<p>As a recent graduate, I have been actively looking for a job in the journalism industry. While trying to find my first job, I am working with the New Britain Herald as a freelancer for the entertainment section. You can find of my favorite piece on my Bienvenue page or on the New Britain Herald&#8217;s [&hellip;]<\/p>","protected":false},"author":1,"featured_media":0,"parent":0,"menu_order":0,"comment_status":"closed","ping_status":"closed","template":"","meta":{"footnotes":""},"class_list":["post-349","page","type-page","status-publish","hentry"],"blocksy_meta":[],"_links":{"self":[{"href":"https:\/\/mainadurafour.com\/fr\/wp-json\/wp\/v2\/pages\/349","targetHints":{"allow":["GET"]}}],"collection":[{"href":"https:\/\/mainadurafour.com\/fr\/wp-json\/wp\/v2\/pages"}],"about":[{"href":"https:\/\/mainadurafour.com\/fr\/wp-json\/wp\/v2\/types\/page"}],"author":[{"embeddable":true,"href":"https:\/\/mainadurafour.com\/fr\/wp-json\/wp\/v2\/users\/1"}],"replies":[{"embeddable":true,"href":"https:\/\/mainadurafour.com\/fr\/wp-json\/wp\/v2\/comments?post=349"}],"version-history":[{"count":14,"href":"https:\/\/mainadurafour.com\/fr\/wp-json\/wp\/v2\/pages\/349\/revisions"}],"predecessor-version":[{"id":843,"href":"https:\/\/mainadurafour.com\/fr\/wp-json\/wp\/v2\/pages\/349\/revisions\/843"}],"wp:attachment":[{"href":"https:\/\/mainadurafour.com\/fr\/wp-json\/wp\/v2\/media?parent=349"}],"curies":[{"name":"wp","href":"https:\/\/api.w.org\/{rel}","templated":true}]}}