{"id":504,"date":"2022-12-21T16:08:01","date_gmt":"2022-12-21T16:08:01","guid":{"rendered":"https:\/\/digitaljournalism.uconn.edu\/maina-durafour-portfolio\/?page_id=2"},"modified":"2026-02-22T21:11:39","modified_gmt":"2026-02-23T02:11:39","slug":"sample-page-2","status":"publish","type":"page","link":"https:\/\/mainadurafour.com\/fr\/","title":{"rendered":"Bienvenue!"},"content":{"rendered":"<h2 class=\"wp-block-heading\">Je suis une reporter culturelle sp\u00e9cialis\u00e9e dans l'\u00e9criture d'article et le contenu audiovisuel<\/h2>\n\n\n\n<p>Moi, c'est Ma\u00efna Durafour, et je raconte des histoires sur la soci\u00e9t\u00e9 et la culture, avec l'objectif d'\u00e9crire en anglais et en fran\u00e7ais <\/p>\n\n\n\n<p>Vous pouvez en savoir plus en regardant ma page <a href=\"https:\/\/mainadurafour.com\/index.php\/about-me\/\">\u00c0 propos de moi<\/a> page to learn more or take a peek at my favorite pieces!<\/p>\n\n\n\n<div class=\"wp-block-columns is-layout-flex wp-container-core-columns-is-layout-28f84493 wp-block-columns-is-layout-flex\">\n<div class=\"wp-block-column is-layout-flow wp-block-column-is-layout-flow\">\n<div class=\"wp-block-media-text is-stacked-on-mobile is-vertically-aligned-center\"><figure class=\"wp-block-media-text__media\"><img loading=\"lazy\" decoding=\"async\" width=\"1024\" height=\"768\" src=\"https:\/\/mainadurafour.com\/wp-content\/uploads\/2026\/01\/IMG_1033-1-1024x768.jpeg\" alt=\"\" class=\"wp-image-893 size-full\" srcset=\"https:\/\/mainadurafour.com\/wp-content\/uploads\/2026\/01\/IMG_1033-1-1024x768.jpeg 1024w, https:\/\/mainadurafour.com\/wp-content\/uploads\/2026\/01\/IMG_1033-1-300x225.jpeg 300w, https:\/\/mainadurafour.com\/wp-content\/uploads\/2026\/01\/IMG_1033-1-768x576.jpeg 768w, https:\/\/mainadurafour.com\/wp-content\/uploads\/2026\/01\/IMG_1033-1-1536x1152.jpeg 1536w, https:\/\/mainadurafour.com\/wp-content\/uploads\/2026\/01\/IMG_1033-1-2048x1536.jpeg 2048w, https:\/\/mainadurafour.com\/wp-content\/uploads\/2026\/01\/IMG_1033-1-16x12.jpeg 16w\" sizes=\"auto, (max-width: 1024px) 100vw, 1024px\" \/><\/figure><div class=\"wp-block-media-text__content\">\n<p class=\"has-text-align-left\">Learn about Pamela Magliocco&#8217;s journey as an artist in this first edition of the Chronicle Art Series!<\/p>\n\n\n\n<div class=\"wp-block-buttons is-layout-flex wp-block-buttons-is-layout-flex\">\n<div class=\"wp-block-button\"><a class=\"wp-block-button__link wp-element-button\" href=\"https:\/\/mainadurafour.com\/wp-content\/uploads\/2026\/01\/The-chronicle-19-05-25.pdf\" target=\"_blank\" rel=\"noreferrer noopener\">Read<\/a><\/div>\n<\/div>\n<\/div><\/div>\n<\/div>\n\n\n\n<div class=\"wp-block-column is-layout-flow wp-block-column-is-layout-flow\">\n<div class=\"wp-block-media-text is-stacked-on-mobile\"><figure class=\"wp-block-media-text__media\"><img loading=\"lazy\" decoding=\"async\" width=\"1024\" height=\"768\" src=\"https:\/\/mainadurafour.com\/wp-content\/uploads\/2026\/01\/IMG_0155-1-1024x768.jpeg\" alt=\"\" class=\"wp-image-894 size-full\" srcset=\"https:\/\/mainadurafour.com\/wp-content\/uploads\/2026\/01\/IMG_0155-1-1024x768.jpeg 1024w, https:\/\/mainadurafour.com\/wp-content\/uploads\/2026\/01\/IMG_0155-1-300x225.jpeg 300w, https:\/\/mainadurafour.com\/wp-content\/uploads\/2026\/01\/IMG_0155-1-768x576.jpeg 768w, https:\/\/mainadurafour.com\/wp-content\/uploads\/2026\/01\/IMG_0155-1-1536x1152.jpeg 1536w, https:\/\/mainadurafour.com\/wp-content\/uploads\/2026\/01\/IMG_0155-1-2048x1536.jpeg 2048w, https:\/\/mainadurafour.com\/wp-content\/uploads\/2026\/01\/IMG_0155-1-16x12.jpeg 16w\" sizes=\"auto, (max-width: 1024px) 100vw, 1024px\" \/><\/figure><div class=\"wp-block-media-text__content\">\n<p>The story of someone unknown, but whose kindness and selflessness reminds the importance of helping people in need<\/p>\n\n\n\n<div class=\"wp-block-buttons is-layout-flex wp-block-buttons-is-layout-flex\">\n<div class=\"wp-block-button\"><a class=\"wp-block-button__link wp-element-button\" href=\"https:\/\/mainadurafour.com\/wp-content\/uploads\/2026\/01\/Franks-Lasting-Donation.pdf\">Read<\/a><\/div>\n<\/div>\n<\/div><\/div>\n<\/div>\n<\/div>\n\n\n\n<h2 class=\"wp-block-heading\"><strong>The Connecticut Rhythms and Blues Festival<\/strong><\/h2>\n\n\n\n<p>While working on a story for the New Britain Herald, I asked the organizers if I could interview the artists for a personal side project&#8230; <\/p>\n\n\n\n<p>Here&#8217;s the result:<\/p>\n\n\n\n<figure class=\"wp-block-embed is-type-video is-provider-youtube wp-block-embed-youtube wp-embed-aspect-16-9 wp-has-aspect-ratio\"><div class=\"wp-block-embed__wrapper\">\n<iframe loading=\"lazy\" title=\"Rhythm and Blues on the spotlight at local festival\" width=\"1290\" height=\"726\" src=\"https:\/\/www.youtube.com\/embed\/5rRM6itF0YM?feature=oembed\" frameborder=\"0\" allow=\"accelerometer; autoplay; clipboard-write; encrypted-media; gyroscope; picture-in-picture; web-share\" referrerpolicy=\"strict-origin-when-cross-origin\" allowfullscreen><\/iframe>\n<\/div><\/figure>\n\n\n\n<ul class=\"wp-block-social-links is-content-justification-right is-layout-flex wp-container-core-social-links-is-layout-d445cf74 wp-block-social-links-is-layout-flex\"><li class=\"wp-social-link wp-social-link-instagram  wp-block-social-link\"><a href=\"https:\/\/www.instagram.com\/maina.durafour\/?igshid=YmMyMTA2M2Y\" class=\"wp-block-social-link-anchor\"><svg width=\"24\" height=\"24\" viewbox=\"0 0 24 24\" version=\"1.1\" xmlns=\"http:\/\/www.w3.org\/2000\/svg\" aria-hidden=\"true\" focusable=\"false\"><path d=\"M12,4.622c2.403,0,2.688,0.009,3.637,0.052c0.877,0.04,1.354,0.187,1.671,0.31c0.42,0.163,0.72,0.358,1.035,0.673 c0.315,0.315,0.51,0.615,0.673,1.035c0.123,0.317,0.27,0.794,0.31,1.671c0.043,0.949,0.052,1.234,0.052,3.637 s-0.009,2.688-0.052,3.637c-0.04,0.877-0.187,1.354-0.31,1.671c-0.163,0.42-0.358,0.72-0.673,1.035 c-0.315,0.315-0.615,0.51-1.035,0.673c-0.317,0.123-0.794,0.27-1.671,0.31c-0.949,0.043-1.233,0.052-3.637,0.052 s-2.688-0.009-3.637-0.052c-0.877-0.04-1.354-0.187-1.671-0.31c-0.42-0.163-0.72-0.358-1.035-0.673 c-0.315-0.315-0.51-0.615-0.673-1.035c-0.123-0.317-0.27-0.794-0.31-1.671C4.631,14.688,4.622,14.403,4.622,12 s0.009-2.688,0.052-3.637c0.04-0.877,0.187-1.354,0.31-1.671c0.163-0.42,0.358-0.72,0.673-1.035 c0.315-0.315,0.615-0.51,1.035-0.673c0.317-0.123,0.794-0.27,1.671-0.31C9.312,4.631,9.597,4.622,12,4.622 M12,3 C9.556,3,9.249,3.01,8.289,3.054C7.331,3.098,6.677,3.25,6.105,3.472C5.513,3.702,5.011,4.01,4.511,4.511 c-0.5,0.5-0.808,1.002-1.038,1.594C3.25,6.677,3.098,7.331,3.054,8.289C3.01,9.249,3,9.556,3,12c0,2.444,0.01,2.751,0.054,3.711 c0.044,0.958,0.196,1.612,0.418,2.185c0.23,0.592,0.538,1.094,1.038,1.594c0.5,0.5,1.002,0.808,1.594,1.038 c0.572,0.222,1.227,0.375,2.185,0.418C9.249,20.99,9.556,21,12,21s2.751-0.01,3.711-0.054c0.958-0.044,1.612-0.196,2.185-0.418 c0.592-0.23,1.094-0.538,1.594-1.038c0.5-0.5,0.808-1.002,1.038-1.594c0.222-0.572,0.375-1.227,0.418-2.185 C20.99,14.751,21,14.444,21,12s-0.01-2.751-0.054-3.711c-0.044-0.958-0.196-1.612-0.418-2.185c-0.23-0.592-0.538-1.094-1.038-1.594 c-0.5-0.5-1.002-0.808-1.594-1.038c-0.572-0.222-1.227-0.375-2.185-0.418C14.751,3.01,14.444,3,12,3L12,3z M12,7.378 c-2.552,0-4.622,2.069-4.622,4.622S9.448,16.622,12,16.622s4.622-2.069,4.622-4.622S14.552,7.378,12,7.378z M12,15 c-1.657,0-3-1.343-3-3s1.343-3,3-3s3,1.343,3,3S13.657,15,12,15z M16.804,6.116c-0.596,0-1.08,0.484-1.08,1.08 s0.484,1.08,1.08,1.08c0.596,0,1.08-0.484,1.08-1.08S17.401,6.116,16.804,6.116z\"><\/path><\/svg><span class=\"wp-block-social-link-label screen-reader-text\">Instagram<\/span><\/a><\/li>\n\n<li class=\"wp-social-link wp-social-link-linkedin  wp-block-social-link\"><a href=\"https:\/\/www.linkedin.com\/in\/maina-durafour263\/\" class=\"wp-block-social-link-anchor\"><svg width=\"24\" height=\"24\" viewbox=\"0 0 24 24\" version=\"1.1\" xmlns=\"http:\/\/www.w3.org\/2000\/svg\" aria-hidden=\"true\" focusable=\"false\"><path d=\"M19.7,3H4.3C3.582,3,3,3.582,3,4.3v15.4C3,20.418,3.582,21,4.3,21h15.4c0.718,0,1.3-0.582,1.3-1.3V4.3 C21,3.582,20.418,3,19.7,3z M8.339,18.338H5.667v-8.59h2.672V18.338z M7.004,8.574c-0.857,0-1.549-0.694-1.549-1.548 c0-0.855,0.691-1.548,1.549-1.548c0.854,0,1.547,0.694,1.547,1.548C8.551,7.881,7.858,8.574,7.004,8.574z M18.339,18.338h-2.669 v-4.177c0-0.996-0.017-2.278-1.387-2.278c-1.389,0-1.601,1.086-1.601,2.206v4.249h-2.667v-8.59h2.559v1.174h0.037 c0.356-0.675,1.227-1.387,2.526-1.387c2.703,0,3.203,1.779,3.203,4.092V18.338z\"><\/path><\/svg><span class=\"wp-block-social-link-label screen-reader-text\">LinkedIn<\/span><\/a><\/li>\n\n<li class=\"wp-social-link wp-social-link-mail  wp-block-social-link\"><a href=\"mailto:&#109;&#097;in&#097;a&#046;duraf&#111;u&#114;&#064;gm&#097;&#105;l&#046;&#099;&#111;m\" class=\"wp-block-social-link-anchor\"><svg width=\"24\" height=\"24\" viewbox=\"0 0 24 24\" version=\"1.1\" xmlns=\"http:\/\/www.w3.org\/2000\/svg\" aria-hidden=\"true\" focusable=\"false\"><path d=\"M19,5H5c-1.1,0-2,.9-2,2v10c0,1.1.9,2,2,2h14c1.1,0,2-.9,2-2V7c0-1.1-.9-2-2-2zm.5,12c0,.3-.2.5-.5.5H5c-.3,0-.5-.2-.5-.5V9.8l7.5,5.6,7.5-5.6V17zm0-9.1L12,13.6,4.5,7.9V7c0-.3.2-.5.5-.5h14c.3,0,.5.2.5.5v.9z\"><\/path><\/svg><span class=\"wp-block-social-link-label screen-reader-text\">E-mail<\/span><\/a><\/li><\/ul>","protected":false},"excerpt":{"rendered":"<p>I&#8217;m a cultural reporter, with a specialization in writing and audiovisual content I&#8217;m Ma\u00efna Durafour and I tell stories about society and culture, aiming to write in both English and French. Check my About page to learn more or take a peek at my favorite pieces! Learn about Pamela Magliocco&#8217;s journey as an artist in [&hellip;]<\/p>","protected":false},"author":1,"featured_media":0,"parent":0,"menu_order":0,"comment_status":"closed","ping_status":"closed","template":"","meta":{"footnotes":""},"class_list":["post-504","page","type-page","status-publish","hentry"],"blocksy_meta":{"has_hero_section":"disabled","styles_descriptor":{"styles":{"desktop":"","tablet":"","mobile":""},"google_fonts":[],"version":6}},"_links":{"self":[{"href":"https:\/\/mainadurafour.com\/fr\/wp-json\/wp\/v2\/pages\/504","targetHints":{"allow":["GET"]}}],"collection":[{"href":"https:\/\/mainadurafour.com\/fr\/wp-json\/wp\/v2\/pages"}],"about":[{"href":"https:\/\/mainadurafour.com\/fr\/wp-json\/wp\/v2\/types\/page"}],"author":[{"embeddable":true,"href":"https:\/\/mainadurafour.com\/fr\/wp-json\/wp\/v2\/users\/1"}],"replies":[{"embeddable":true,"href":"https:\/\/mainadurafour.com\/fr\/wp-json\/wp\/v2\/comments?post=504"}],"version-history":[{"count":37,"href":"https:\/\/mainadurafour.com\/fr\/wp-json\/wp\/v2\/pages\/504\/revisions"}],"predecessor-version":[{"id":980,"href":"https:\/\/mainadurafour.com\/fr\/wp-json\/wp\/v2\/pages\/504\/revisions\/980"}],"wp:attachment":[{"href":"https:\/\/mainadurafour.com\/fr\/wp-json\/wp\/v2\/media?parent=504"}],"curies":[{"name":"wp","href":"https:\/\/api.w.org\/{rel}","templated":true}]}}