{"id":523,"date":"2023-12-02T18:05:55","date_gmt":"2023-12-02T18:05:55","guid":{"rendered":"https:\/\/digitaljournalism.uconn.edu\/maina-durafour-portfolio\/?page_id=483"},"modified":"2024-08-01T21:42:47","modified_gmt":"2024-08-01T19:42:47","slug":"other-written-work","status":"publish","type":"page","link":"https:\/\/mainadurafour.com\/fr\/other-written-work\/","title":{"rendered":"People Are Culture - stage"},"content":{"rendered":"<p class=\" translation-block\">Cette page pr\u00e9sente les diff\u00e9rents articles que j'ai r\u00e9alis\u00e9 au cours de mon stage avec <a href=\"https:\/\/www.peopleareculture.com\/\" target=\"_blank\" rel=\"noreferrer noopener\">People Are Culture<\/a>. PAC est un petit website qui partage les histoires de personnes qui viennent de diff\u00e9rents pays et culture. Son but est de promouvoir la pluralit\u00e9 culturelle.<\/p>\n\n\n\n<p>During my internship, I wrote a piece that aims to answer the question &#8220;What is cultural awareness?&#8221; For this piece, I have conducted interviews, as well as a series of LinkedIn polls. The results are included in an Infogram, as well as in the article. You can read the article <a href=\"https:\/\/mainadurafour.com\/index.php\/2024\/06\/10\/why-has-cultural-awareness-become-crucial\/\">here.<\/a><\/p>\n\n\n\n<figure class=\"wp-block-image size-large is-resized\"><a href=\"https:\/\/mainadurafour.com\/index.php\/2024\/06\/10\/why-has-cultural-awareness-become-crucial\/\" target=\"_blank\" rel=\"noreferrer noopener\"><img decoding=\"async\" src=\"https:\/\/mainadurafour.com\/wp-content\/uploads\/2024\/06\/Design-sans-titre-1024x683.jpg\" alt=\"\" class=\"wp-image-669\" style=\"width:790px;height:auto\"\/><\/a><\/figure>\n\n\n\n<p><\/p>\n\n\n\n<p>The first piece I produced was a freelance work done before the beginning of my internship. It gathers answers to the question &#8220;What is anthropology?&#8221; from expert around the world. You can read the full article on the website or by clicking <a href=\"https:\/\/mainadurafour.com\/index.php\/2024\/06\/10\/what-is-anthropology-a-definition-of-anthropology-from-experts-around-the-world\/\" data-type=\"link\" data-id=\"https:\/\/mainadurafour.com\/index.php\/2024\/06\/10\/what-is-anthropology-a-definition-of-anthropology-from-experts-around-the-world\/\">here.<\/a><\/p>\n\n\n\n<figure class=\"wp-block-image size-large\"><a href=\"https:\/\/mainadurafour.com\/index.php\/2024\/06\/10\/what-is-anthropology-a-definition-of-anthropology-from-experts-around-the-world\/\" target=\"_blank\" rel=\"noreferrer noopener\"><img decoding=\"async\" src=\"https:\/\/mainadurafour.com\/wp-content\/uploads\/2024\/06\/Design-sans-titre-1-1024x683.jpg\" alt=\"\" class=\"wp-image-670\"\/><\/a><\/figure>","protected":false},"excerpt":{"rendered":"<p>This section will present some of the written work I have done during my internship with People Are Culture. PAC is a small website that shares stories of people from different countries and cultural background. Its purpose is to promote the diversity of cultures. During my internship, I wrote a piece that aims to answer [&hellip;]<\/p>","protected":false},"author":1,"featured_media":0,"parent":0,"menu_order":0,"comment_status":"closed","ping_status":"closed","template":"","meta":{"footnotes":""},"class_list":["post-523","page","type-page","status-publish","hentry"],"blocksy_meta":[],"_links":{"self":[{"href":"https:\/\/mainadurafour.com\/fr\/wp-json\/wp\/v2\/pages\/523","targetHints":{"allow":["GET"]}}],"collection":[{"href":"https:\/\/mainadurafour.com\/fr\/wp-json\/wp\/v2\/pages"}],"about":[{"href":"https:\/\/mainadurafour.com\/fr\/wp-json\/wp\/v2\/types\/page"}],"author":[{"embeddable":true,"href":"https:\/\/mainadurafour.com\/fr\/wp-json\/wp\/v2\/users\/1"}],"replies":[{"embeddable":true,"href":"https:\/\/mainadurafour.com\/fr\/wp-json\/wp\/v2\/comments?post=523"}],"version-history":[{"count":9,"href":"https:\/\/mainadurafour.com\/fr\/wp-json\/wp\/v2\/pages\/523\/revisions"}],"predecessor-version":[{"id":743,"href":"https:\/\/mainadurafour.com\/fr\/wp-json\/wp\/v2\/pages\/523\/revisions\/743"}],"wp:attachment":[{"href":"https:\/\/mainadurafour.com\/fr\/wp-json\/wp\/v2\/media?parent=523"}],"curies":[{"name":"wp","href":"https:\/\/api.w.org\/{rel}","templated":true}]}}