{"id":787,"date":"2024-11-06T17:26:33","date_gmt":"2024-11-06T16:26:33","guid":{"rendered":"https:\/\/mainadurafour.com\/?page_id=787"},"modified":"2024-11-06T17:56:21","modified_gmt":"2024-11-06T16:56:21","slug":"about-me","status":"publish","type":"page","link":"https:\/\/mainadurafour.com\/fr\/about-me\/","title":{"rendered":"\u00c0 propos de moi"},"content":{"rendered":"<figure class=\"wp-block-image alignright size-large is-resized is-style-rounded\"><img decoding=\"async\" src=\"http:\/\/mainadurafour.com\/wp-content\/uploads\/2024\/11\/IMG_3993-1080x1440-1-768x1024.jpg\" alt=\"\" class=\"wp-image-788\" style=\"width:393px;height:auto\"\/><\/figure>\n\n\n\n<p class=\"has-text-align-left has-medium-font-size\">J'aspire \u00e0 devenir journaliste culturel et produire des documentaires, des podcasts, ou tout ce qui touche \u00e0 l'audiovisuel. J'ai un int\u00e9r\u00eat particulier pour les gens et leur histoire, la litt\u00e9rature, l'Histoire, la cuisine et l'art. Je suis aussi tr\u00e8s int\u00e9ress\u00e9e par le journalisme environnemental.<\/p>\n\n\n\n<p class=\"has-medium-font-size translation-block\">Depuis la fin de mes \u00e9tudes, je travaille en freelance pour <a href=\"https:\/\/www.newbritainherald.com\/search\/?tncms_csrf_token=085a7f9d860a853bbbbd61c718f52ee765c0c19b3f1bf280b2511dcb59c02aac.5806f4c6124051afc6b4&amp;l=25&amp;sort=relevance&amp;f=html&amp;t=articlevideoyoutubecollection&amp;app=editorial&amp;nsa=eedition&amp;q=maina\" target=\"_blank\" rel=\"noreferrer noopener\">le New Britain Herald<\/a>, un journal local situ\u00e9 dans le Connecticut, pour lequel je propose et \u00e9cris des articles sur des \u00e9v\u00e8nements culturels.<\/p>\n\n\n\n<p class=\"has-medium-font-size translation-block\">Lorsque j'\u00e9tais \u00e9tudiante \u00e0 UConn, J'ai eu la chance de faire un stage chez <a href=\"https:\/\/www.peopleareculture.com\/\" target=\"_self\">'People Are Culture'<\/a> et <a href=\"https:\/\/flipthelens.com\/\" target=\"_self\">'Flip The Lens'<\/a>, deux m\u00e9dia qui se concentrent sur le reportage culturel. Vous pouvez retrouver mon travail dans les onglets <a href=\"https:\/\/mainadurafour.com\/index.php\/other-written-work\/\" target=\"_self\">presse \u00e9crite<\/a> and <a href=\"https:\/\/mainadurafour.com\/index.php\/flip-the-lens-internship\/\" target=\"_self\">multimedia<\/a>.<\/p>\n\n\n\n<p class=\"has-medium-font-size translation-block\">Pendant mon temps libre, je me suis engag\u00e9e avec <a href=\"https:\/\/www.uctv14.com\/\" target=\"_blank\" rel=\"noreferrer noopener\">UCTV<\/a>, la cha\u00eene t\u00e9l\u00e9vis\u00e9e tenue par les \u00e9tudiants, pour laquelle je m'occupais principalement d'\u00e9diter des vid\u00e9os. J'\u00e9crivais aussi dans le journal de l'\u00e9cole, <a href=\"https:\/\/dailycampus.com\/\" target=\"_blank\" rel=\"noreferrer noopener\">The Daily Campus<\/a>, pour lequel j'ai \u00e9cris des articles sur divers sujets.<\/p>\n\n\n\n<p class=\"has-medium-font-size\">Check out the <a href=\"https:\/\/mainadurafour.com\/index.php\/uctv-news\/\">reportage<\/a> et <a href=\"https:\/\/mainadurafour.com\/index.php\/daily-campus\/\">writing<\/a> I have done for those outlets!<\/p>\n\n\n\n<p class=\"has-medium-font-size\">I grew up in France until my 20&#8217;s and moved to the United States with my father to complete my studies. I began learning about journalism when I was 15 years old during a short internship at <a href=\"https:\/\/france3-regions.francetvinfo.fr\/occitanie\/direct\/midi-pyrenees\" target=\"_blank\" rel=\"noreferrer noopener\">France 3 Midi-Pyr\u00e9n\u00e9es<\/a>, a regional television station in my home country. There, I engaged with various news professionals and discovered the many ways of being a journalist. It was quite striking to learn the variety of jobs in journalism, each with their own responsibilities and particular skills sets.<\/p>\n\n\n\n<p class=\"has-medium-font-size\">In my free time, I like to go outside and walk. I enjoy reading books with a good cup of tea when the weather becomes dreary, or outside in a comfy chair on warm, sunny days. I also love cats, the smell of books, cooking, watching documentaries and taking pictures of pretty things.<\/p>\n\n\n\n<p class=\"has-medium-font-size translation-block\">Vous pouvez me contacter \u00e0 l'adresse suivante: <a href=\"mailto:mainaa.durafour@gmail.com\" target=\"_blank\" rel=\"noreferrer noopener\">mainaa.durafour@gmail.com<\/a>, sur <a href=\"https:\/\/www.linkedin.com\/in\/maina-durafour263\/\" target=\"_blank\" rel=\"noreferrer noopener\">LinkedIn<\/a> ou <a href=\"https:\/\/www.instagram.com\/maina.durafour\/?igshid=YmMyMTA2M2Y\" target=\"_blank\" rel=\"noreferrer noopener\">Instagram<\/a>.<\/p>","protected":false},"excerpt":{"rendered":"<p>My aspirations are to become a reporter in the cultural field and produce documentaries, podcasts, or anything involving audio\/visual storytelling. I have a profound interest in people&#8217;s stories, literature, history, food and art. I&#8217;m also developing a strong interest in environmental journalism. Since I graduated, I have been doing freelance reporting for The New Britain [&hellip;]<\/p>","protected":false},"author":1,"featured_media":0,"parent":0,"menu_order":0,"comment_status":"closed","ping_status":"closed","template":"","meta":{"footnotes":""},"class_list":["post-787","page","type-page","status-publish","hentry"],"blocksy_meta":[],"_links":{"self":[{"href":"https:\/\/mainadurafour.com\/fr\/wp-json\/wp\/v2\/pages\/787","targetHints":{"allow":["GET"]}}],"collection":[{"href":"https:\/\/mainadurafour.com\/fr\/wp-json\/wp\/v2\/pages"}],"about":[{"href":"https:\/\/mainadurafour.com\/fr\/wp-json\/wp\/v2\/types\/page"}],"author":[{"embeddable":true,"href":"https:\/\/mainadurafour.com\/fr\/wp-json\/wp\/v2\/users\/1"}],"replies":[{"embeddable":true,"href":"https:\/\/mainadurafour.com\/fr\/wp-json\/wp\/v2\/comments?post=787"}],"version-history":[{"count":7,"href":"https:\/\/mainadurafour.com\/fr\/wp-json\/wp\/v2\/pages\/787\/revisions"}],"predecessor-version":[{"id":815,"href":"https:\/\/mainadurafour.com\/fr\/wp-json\/wp\/v2\/pages\/787\/revisions\/815"}],"wp:attachment":[{"href":"https:\/\/mainadurafour.com\/fr\/wp-json\/wp\/v2\/media?parent=787"}],"curies":[{"name":"wp","href":"https:\/\/api.w.org\/{rel}","templated":true}]}}